{"id":1671,"date":"2015-02-04T10:51:01","date_gmt":"2015-02-04T09:51:01","guid":{"rendered":"http:\/\/votre-projet.fr\/cebe\/?page_id=1671"},"modified":"2015-02-04T10:51:01","modified_gmt":"2015-02-04T09:51:01","slug":"assistance-cebe-escande","status":"publish","type":"page","link":"https:\/\/cebe-escande-bernat.fr\/?page_id=1671","title":{"rendered":"Assistance CEBE ESCANDE"},"content":{"rendered":"<div id=\"aq-template-wrapper-1670\" class=\"aq-template-wrapper aq_row\"><div id=\"aq-block-1670-1\" class=\"aq-block aq-block-aq_services_block aq_span12 aq-first clearfix\">\t\t\t\r\n\t\t        \r\n        <div class=\"widgetwrap\" style=\"background-color:#dd0000; background-image:url() !important;\">\r\n        <div class=\"container\">\r\n        \r\n\t\t\t            <h2 class=\"widget\" style=\"color:#f7f7f7;\">\r\n                \r\n                Besoin d'assistance ?                \r\n                                    <span style=\"color:#f7f7f7;\">Pour satisfaire l'ensemble de sa client\u00e8le, la soci\u00e9t\u00e9 CEBE ESCANDE BERNAT dispose, sur plus de 800 m\u00b2 , d'un stock de pi\u00e8ces de rechange de premi\u00e8re n\u00e9cessit\u00e9, le tout g\u00e9r\u00e9 quotidiennement par son responsable magasinier.<\/span>\r\n                                    \r\n            <\/h2>\r\n        \r\n        \t<div class=\"line\"><\/div>\r\n                        \r\n            \r\n        <ul class=\"services threeser\">\r\n        \r\n              \r\n\r\n\t\t\t            \r\n         \r\n\r\n        <\/ul>\r\n        <\/div>\r\n        <\/div>\r\n                <\/div><div id=\"aq-block-1670-2\" class=\"aq-block aq-block-aq_text_block aq_span12 aq-first clearfix\">\r\n        <div class=\"widgetwrap dividers\" style=\"color:#f2f2f2 !important;background-color:#000000 !important;background-image:url(https:\/\/te1r7hbnpnz.preview.infomaniak.website\/wp-content\/uploads\/2015\/01\/arriere-plan-cebe-escande002.jpg) !important; padding:80px 0;\">\r\n        \r\n\t\t\t \r\n            \r\n                <h2 class=\"widget\" style=\"color:#f2f2f2;\">\r\n                \r\n                    CEBE ESCANDE BERNAT                <\/h2> \r\n                \r\n                <div class=\"line\"><\/div>\r\n                \r\n           \t                   \r\n            <p><span style=\"color: #ffffff;\"><span style=\"font-size: x-large;\">L'\u00e9troite relation entre <br \/><span style=\"color: #dd1616;\"> <b>le bureau d'\u00e9tudes, le magasin et le responsable des exp\u00e9ditions,<\/b><br \/><\/span> permet \u00e0 nos clients de disposer d'un service efficace et bien rod\u00e9.<br \/>\n<br \/>T\u00e9l: 05.63.59.51.64 - Fax: 05.63.59.74.23<br \/>\n<br \/>\n<a href=\"http:\/\/may4V8FWTu\" class=\"su-button su-button-style-default\" style=\"color:#FFFFFF;background-color:#ef2d38;border-color:#c0242d;border-radius:7px\" target=\"_self\"><span style=\"color:#FFFFFF;padding:7px 20px;font-size:16px;line-height:24px;border-color:#f46c74;border-radius:7px;text-shadow:none\"><i class=\"sui sui-mail-forward\" style=\"font-size:16px;color:#FFFFFF\"><\/i> CONTACTEZ-NOUS !<\/span><\/a><\/p>\n<p><\/span><\/span><\/p>\n\r\n        <\/div>\r\n        <\/div><div id=\"aq-block-1670-3\" class=\"aq-block aq-block-aq_text_block aq_span12 aq-first clearfix\">\r\n        <div class=\"widgetwrap dividers\" style=\"color:#fcfcfc !important;background-color:#7a7a7a !important;background-image:url() !important; padding:74px 0;\">\r\n        \r\n\t\t\t \r\n            \r\n                <h2 class=\"widget\" style=\"color:#fcfcfc;\">\r\n                \r\n                    SIDOBRE SERVICE MAINTENANCE                <\/h2> \r\n                \r\n                <div class=\"line\"><\/div>\r\n                \r\n           \t                   \r\n            <div class=\"textwidget\"><img decoding=\"async\" style=\"margin:-5px 0 44px;width:300px;height:200px\" src=\"https:\/\/te1r7hbnpnz.preview.infomaniak.website\/wp-content\/uploads\/2017\/11\/logo-SM-assisancet.jpg\"><br \/>\n<br \/><span style=\"font-size: x-large;\">L'entreprise SSM, entretien, r\u00e9pare et r\u00e9alise toutes vos machines sp\u00e9cialis\u00e9es dans le travail du granit. <br \/>Un magasin convivial  capable de vous fournir rapidement toutes les pi\u00e8ces et fournitures n\u00e9cessaires <br \/>\u00e0 votre r\u00e9paration ou proposer du mat\u00e9riel neuf, comme des ponts roulants, <br \/>des syst\u00e8mes de levage de pierre, des t\u00eates de polissage, etc ...<br \/>\n<span style=\"color: #dd1616;\"><b><br \/>T\u00e9l: 05.63.75.63.94<\/b><\/span><br \/>\n<br \/><a href=\"http:\/\/www.sidobre-service-maintenance.fr\"> sidobre-service-maintenance.fr<\/a><\/span><\/aside>\n<\/div>\n<p><\/span><\/p>\n\r\n        <\/div>\r\n        <\/div><\/div>\n","protected":false},"excerpt":{"rendered":"","protected":false},"author":4,"featured_media":0,"parent":0,"menu_order":0,"comment_status":"closed","ping_status":"closed","template":"homepage.php","meta":{"ngg_post_thumbnail":0,"footnotes":""},"class_list":["post-1671","page","type-page","status-publish","hentry"],"_links":{"self":[{"href":"https:\/\/cebe-escande-bernat.fr\/index.php?rest_route=\/wp\/v2\/pages\/1671","targetHints":{"allow":["GET"]}}],"collection":[{"href":"https:\/\/cebe-escande-bernat.fr\/index.php?rest_route=\/wp\/v2\/pages"}],"about":[{"href":"https:\/\/cebe-escande-bernat.fr\/index.php?rest_route=\/wp\/v2\/types\/page"}],"author":[{"embeddable":true,"href":"https:\/\/cebe-escande-bernat.fr\/index.php?rest_route=\/wp\/v2\/users\/4"}],"replies":[{"embeddable":true,"href":"https:\/\/cebe-escande-bernat.fr\/index.php?rest_route=%2Fwp%2Fv2%2Fcomments&post=1671"}],"version-history":[{"count":2,"href":"https:\/\/cebe-escande-bernat.fr\/index.php?rest_route=\/wp\/v2\/pages\/1671\/revisions"}],"predecessor-version":[{"id":1816,"href":"https:\/\/cebe-escande-bernat.fr\/index.php?rest_route=\/wp\/v2\/pages\/1671\/revisions\/1816"}],"wp:attachment":[{"href":"https:\/\/cebe-escande-bernat.fr\/index.php?rest_route=%2Fwp%2Fv2%2Fmedia&parent=1671"}],"curies":[{"name":"wp","href":"https:\/\/api.w.org\/{rel}","templated":true}]}}