{"id":1014,"date":"2014-08-29T12:01:10","date_gmt":"2014-08-29T12:01:10","guid":{"rendered":"http:\/\/themes.wpbox.net\/final\/?page_id=1014"},"modified":"2025-01-30T14:22:51","modified_gmt":"2025-01-30T13:22:51","slug":"home-2","status":"publish","type":"page","link":"https:\/\/cebe-escande-bernat.fr\/","title":{"rendered":"Accueil"},"content":{"rendered":"<div id=\"metaslider-id-2054\" style=\"width: 100%;\" class=\"ml-slider-3-95-0 metaslider metaslider-flex metaslider-2054 ml-slider ms-theme-default-base nav-hidden\" role=\"region\" aria-roledescription=\"Slideshow\" aria-label=\"ACCUEIL\">\n    <div id=\"metaslider_container_2054\">\n        <div id=\"metaslider_2054\">\n            <ul class='slides'>\n                <li style=\"display: block; width: 100%;\" class=\"slide-2064 ms-image \" aria-roledescription=\"slide\" aria-label=\"slide-2064\"><img loading=\"lazy\" decoding=\"async\" src=\"https:\/\/cebe-escande-bernat.fr\/wp-content\/uploads\/2025\/01\/fil_CEB1-700x300.jpg\" height=\"300\" width=\"700\" alt=\"\" class=\"slider-2054 slide-2064\" title=\"fil_CEB1\" \/><\/li>\n                <li style=\"display: none; width: 100%;\" class=\"slide-2061 ms-image \" aria-roledescription=\"slide\" aria-label=\"slide-2061\"><img loading=\"lazy\" decoding=\"async\" src=\"https:\/\/cebe-escande-bernat.fr\/wp-content\/uploads\/2025\/01\/accueil-slide-001-700x300.jpg\" height=\"300\" width=\"700\" alt=\"\" class=\"slider-2054 slide-2061\" title=\"accueil-slide-001\" \/><\/li>\n                <li style=\"display: none; width: 100%;\" class=\"slide-2062 ms-image \" aria-roledescription=\"slide\" aria-label=\"slide-2062\"><img loading=\"lazy\" decoding=\"async\" src=\"https:\/\/cebe-escande-bernat.fr\/wp-content\/uploads\/2025\/01\/accueil-slide-0071-700x300.jpg\" height=\"300\" width=\"700\" alt=\"\" class=\"slider-2054 slide-2062\" title=\"accueil-slide-0071\" \/><\/li>\n                <li style=\"display: none; width: 100%;\" class=\"slide-2063 ms-image \" aria-roledescription=\"slide\" aria-label=\"slide-2063\"><img loading=\"lazy\" decoding=\"async\" src=\"https:\/\/cebe-escande-bernat.fr\/wp-content\/uploads\/2025\/01\/IMG_1811-1600x1200-1-700x300.jpg\" height=\"300\" width=\"700\" alt=\"\" class=\"slider-2054 slide-2063\" title=\"IMG_1811-1600x1200\" \/><\/li>\n                <li style=\"display: none; width: 100%;\" class=\"slide-2060 ms-image \" aria-roledescription=\"slide\" aria-label=\"slide-2060\"><img loading=\"lazy\" decoding=\"async\" src=\"https:\/\/cebe-escande-bernat.fr\/wp-content\/uploads\/2025\/01\/accueil-slide-003-700x300.jpg\" height=\"300\" width=\"700\" alt=\"\" class=\"slider-2054 slide-2060\" title=\"accueil-slide-003\" \/><\/li>\n            <\/ul>\n        <\/div>\n        \n    <\/div>\n<\/div><div id=\"aq-template-wrapper-1022\" class=\"aq-template-wrapper aq_row\"><div id=\"aq-block-1022-1\" class=\"aq-block aq-block-aq_services_block aq_span12 aq-first clearfix\">\t\t\t\r\n\t\t        \r\n        <div class=\"widgetwrap\" style=\"background-color:#262626; background-image:url() !important;\">\r\n        <div class=\"container\">\r\n        \r\n\t\t\t            <h2 class=\"widget\" style=\"color:#f2f2f2;\">\r\n                \r\n                De quels types de Machines avez-vous Besoin ?                \r\n                                    <span style=\"color:#f2f2f2;\">Avec des milliers de machines en service, et ses nombreuses r\u00e9f\u00e9rences sur tous les continents, le groupe CEBE ESCANDE BERNAT est \u00e0 m\u00eame de satisfaire les professionnels de la marbrerie, de la voirie, de la d\u00e9coration, du b\u00e2timent et restauration ainsi que les entreprises sp\u00e9cialis\u00e9es dans les divers produits b\u00e9tonn\u00e9s.<\/span>\r\n                                    \r\n            <\/h2>\r\n        \r\n        \t<div class=\"line\"><\/div>\r\n                        \r\n            \r\n        <ul class=\"services fourser\">\r\n        \r\n              \r\n\r\n\t\t\t            \r\n         \r\n\r\n        <\/ul>\r\n        <\/div>\r\n        <\/div>\r\n                <\/div><div id=\"aq-block-1022-2\" class=\"aq-block aq-block-aq_text_block aq_span12 aq-first clearfix\">\r\n        <div class=\"widgetwrap dividers\" style=\"color:#f2f2f2 !important;background-color:#000000 !important;background-image:url(http:\/\/votre-projet.fr\/cebe\/wp-content\/uploads\/2014\/09\/007.jpg) !important; padding:80px 0;\">\r\n        \r\n\t\t\t \r\n            \r\n                <h2 class=\"widget\" style=\"color:#f2f2f2;\">\r\n                \r\n                    CEBE ESCANDE BERNAT                <\/h2> \r\n                \r\n                <div class=\"line\"><\/div>\r\n                \r\n           \t                   \r\n            <p><FONT COLOR=#ffffff><FONT size=\"5pt\">Issu des deux plus anciennes, et plus grandes entreprises fran\u00e7aises, <br \/>le groupe<FONT COLOR=#dd1616> <b>CEBE ESCANDE BERNAT<\/b><\/font> se place en leader en tant que constructeur de machines pour le sciage, polissage et fa\u00e7onnage des marbres, pierres, granits et produits b\u00e9tonn\u00e9s.<\/font><\/font><\/p>\n\r\n        <\/div>\r\n        <\/div><\/div>\n\n\n<p><\/p>\n","protected":false},"excerpt":{"rendered":"","protected":false},"author":4,"featured_media":0,"parent":0,"menu_order":0,"comment_status":"open","ping_status":"open","template":"homepage.php","meta":{"ngg_post_thumbnail":0,"footnotes":""},"class_list":["post-1014","page","type-page","status-publish","hentry"],"_links":{"self":[{"href":"https:\/\/cebe-escande-bernat.fr\/index.php?rest_route=\/wp\/v2\/pages\/1014","targetHints":{"allow":["GET"]}}],"collection":[{"href":"https:\/\/cebe-escande-bernat.fr\/index.php?rest_route=\/wp\/v2\/pages"}],"about":[{"href":"https:\/\/cebe-escande-bernat.fr\/index.php?rest_route=\/wp\/v2\/types\/page"}],"author":[{"embeddable":true,"href":"https:\/\/cebe-escande-bernat.fr\/index.php?rest_route=\/wp\/v2\/users\/4"}],"replies":[{"embeddable":true,"href":"https:\/\/cebe-escande-bernat.fr\/index.php?rest_route=%2Fwp%2Fv2%2Fcomments&post=1014"}],"version-history":[{"count":7,"href":"https:\/\/cebe-escande-bernat.fr\/index.php?rest_route=\/wp\/v2\/pages\/1014\/revisions"}],"predecessor-version":[{"id":2065,"href":"https:\/\/cebe-escande-bernat.fr\/index.php?rest_route=\/wp\/v2\/pages\/1014\/revisions\/2065"}],"wp:attachment":[{"href":"https:\/\/cebe-escande-bernat.fr\/index.php?rest_route=%2Fwp%2Fv2%2Fmedia&parent=1014"}],"curies":[{"name":"wp","href":"https:\/\/api.w.org\/{rel}","templated":true}]}}